{"id":479,"date":"2024-12-03T22:48:38","date_gmt":"2024-12-03T22:48:38","guid":{"rendered":"https:\/\/luismigueldantas.com\/?page_id=479"},"modified":"2025-11-07T01:10:31","modified_gmt":"2025-11-07T01:10:31","slug":"reiki-2","status":"publish","type":"page","link":"https:\/\/luismigueldantas.com\/index.php\/reiki-2\/","title":{"rendered":"Reiki"},"content":{"rendered":"<p>[et_pb_section fb_built=&#8221;1&#8243; admin_label=&#8221;Header&#8221; _builder_version=&#8221;4.24.2&#8243; _module_preset=&#8221;default&#8221; use_background_color_gradient=&#8221;on&#8221; background_color_gradient_stops=&#8221;rgba(255,251,247,0.64) 0%|rgba(255,251,247,0.64) 100%&#8221; background_color_gradient_overlays_image=&#8221;on&#8221; background_image=&#8221;https:\/\/luismigueldantas.com\/wp-content\/uploads\/2024\/12\/reiki.png&#8221; parallax=&#8221;on&#8221; custom_padding=&#8221;4vw||4vw||true|false&#8221; collapsed=&#8221;on&#8221; global_colors_info=&#8221;{%22gcid-9fa4a1b6-767d-41ca-984c-a6f10449c843%22:%91%22background_color_gradient_stops%22%93}&#8221;][et_pb_row _builder_version=&#8221;4.20.0&#8243; _module_preset=&#8221;default&#8221; width=&#8221;89.4%&#8221; max_width=&#8221;800px&#8221; global_colors_info=&#8221;{}&#8221;][et_pb_column type=&#8221;4_4&#8243; _builder_version=&#8221;4.20.0&#8243; _module_preset=&#8221;default&#8221; global_colors_info=&#8221;{}&#8221;][et_pb_text _builder_version=&#8221;4.24.2&#8243; _module_preset=&#8221;0e55e092-013c-41bf-8ca2-8ba722dfee17&#8243; text_font=&#8221;Cormorant Upright||||||||&#8221; text_font_size=&#8221;62px&#8221; text_line_height=&#8221;1.8em&#8221; header_text_color=&#8221;gcid-11d3dbbb-f6dc-4fb8-929b-9d6994368d00&#8243; text_orientation=&#8221;center&#8221; custom_margin=&#8221;||2px|||&#8221; text_font_size_tablet=&#8221;62px&#8221; text_font_size_phone=&#8221;48px&#8221; text_font_size_last_edited=&#8221;on|phone&#8221; global_colors_info=&#8221;{%22gcid-11d3dbbb-f6dc-4fb8-929b-9d6994368d00%22:%91%22header_text_color%22%93}&#8221;]<\/p>\n<p>Reiki<\/p>\n<p>[\/et_pb_text][et_pb_text _builder_version=&#8221;4.24.2&#8243; _module_preset=&#8221;6a6d54ff-ffc4-4312-bfae-43c6036d37f5&#8243; header_5_text_color=&#8221;#FFFFFF&#8221; text_orientation=&#8221;center&#8221; global_colors_info=&#8221;{}&#8221;]<\/p>\n<p>A redescoberta do Reiki reflecte a chegada de uma nova luz ao nosso planeta. Antigamente, este m\u00e9todo natural de cura era uma habilidade inata do ser humano, perdida com o desenvolvimento das civiliza\u00e7\u00f5es. O Reiki, tamb\u00e9m conhecido como Chi (China), Qi (Jap\u00e3o), Prana (\u00cdndia), Shakti (Yoga) e Ruach (Juda\u00edsmo), \u00e9 a energia vital do cosmos que flui atrav\u00e9s de n\u00f3s. Independentemente do nome, o Reiki \u00e9, acima de tudo, a for\u00e7a vital do universo, acess\u00edvel atrav\u00e9s da imposi\u00e7\u00e3o das m\u00e3os nas \u00e1reas do corpo que necessitam de aten\u00e7\u00e3o.<\/p>\n<p>[\/et_pb_text][et_pb_button button_url=&#8221;#form&#8221; button_text=&#8221;Marca a tua sess\u00e3o&#8221; button_alignment=&#8221;center&#8221; _builder_version=&#8221;4.27.4&#8243; _module_preset=&#8221;b105b836-5a0b-4149-8313-bf705f4e3277&#8243; button_text_size=&#8221;18px&#8221; button_text_color=&#8221;gcid-555f765c-f894-450b-b9e2-169a23b01a51&#8243; button_bg_color=&#8221;gcid-f6d37c03-5d24-466a-817a-5f8f247bddac&#8221; button_letter_spacing=&#8221;0.1em&#8221; button_font=&#8221;Cormorant Upright|500||on|||||&#8221; custom_margin=&#8221;41px|||||&#8221; button_text_size_tablet=&#8221;18px&#8221; button_text_size_phone=&#8221;15px&#8221; button_text_size_last_edited=&#8221;on|phone&#8221; box_shadow_style=&#8221;preset1&#8243; box_shadow_color=&#8221;gcid-11d3dbbb-f6dc-4fb8-929b-9d6994368d00&#8243; locked=&#8221;off&#8221; global_colors_info=&#8221;{%22gcid-11d3dbbb-f6dc-4fb8-929b-9d6994368d00%22:%91%22button_text_color%22,%22box_shadow_color%22,%22button_text_color%22,%22box_shadow_color%22%93,%22gcid-f6d37c03-5d24-466a-817a-5f8f247bddac%22:%91%22button_bg_color%22,%22button_bg_color%22%93,%22gcid-555f765c-f894-450b-b9e2-169a23b01a51%22:%91%22button_text_color%22,%22button_text_color%22%93}&#8221;][\/et_pb_button][\/et_pb_column][\/et_pb_row][\/et_pb_section][et_pb_section fb_built=&#8221;1&#8243; admin_label=&#8221;Services&#8221; _builder_version=&#8221;4.24.2&#8243; _module_preset=&#8221;default&#8221; background_color=&#8221;gcid-555f765c-f894-450b-b9e2-169a23b01a51&#8243; custom_padding=&#8221;21px||21px|||&#8221; collapsed=&#8221;on&#8221; global_colors_info=&#8221;{%22gcid-2f3f3e09-0a26-4ea7-8906-5e1128945e3f%22:%91%22background_color_gradient_stops%22%93,%22gcid-9fa4a1b6-767d-41ca-984c-a6f10449c843%22:%91%22background_color_gradient_stops%22%93,%22gcid-555f765c-f894-450b-b9e2-169a23b01a51%22:%91%22background_color%22%93}&#8221;][et_pb_row _builder_version=&#8221;4.24.2&#8243; _module_preset=&#8221;default&#8221; width=&#8221;90.8%&#8221; custom_padding=&#8221;|3px|6px|3px||true&#8221; global_colors_info=&#8221;{%22gcid-f6d37c03-5d24-466a-817a-5f8f247bddac%22:%91%22box_shadow_color%22,%22box_shadow_color%22%93}&#8221;][et_pb_column type=&#8221;4_4&#8243; _builder_version=&#8221;4.24.2&#8243; _module_preset=&#8221;default&#8221; global_colors_info=&#8221;{}&#8221;][et_pb_text _builder_version=&#8221;4.24.2&#8243; _module_preset=&#8221;0e55e092-013c-41bf-8ca2-8ba722dfee17&#8243; text_font=&#8221;Cormorant Upright||||||||&#8221; header_2_text_color=&#8221;#FFFFFF&#8221; header_4_font_size=&#8221;23px&#8221; text_orientation=&#8221;center&#8221; custom_margin=&#8221;||1px|||&#8221; header_2_font_size_phone=&#8221;23px&#8221; global_colors_info=&#8221;{}&#8221;]<\/p>\n<h2><span style=\"color: #003366;\">Os Princ\u00edpios do Reiki<\/span><\/h2>\n<p>[\/et_pb_text][et_pb_text _builder_version=&#8221;4.24.2&#8243; _module_preset=&#8221;6a6d54ff-ffc4-4312-bfae-43c6036d37f5&#8243; header_5_text_color=&#8221;#FFFFFF&#8221; text_orientation=&#8221;center&#8221; custom_margin=&#8221;3px|-4px|8px|||&#8221; global_colors_info=&#8221;{}&#8221;]<\/p>\n<p style=\"text-align: center;\"><span style=\"color: #000000;\">Os princ\u00edpios do Reiki variam de acordo com a escola e a inicia\u00e7\u00e3o recebida, mas todos nos sintonizam com verdades que ajudam a manter o equil\u00edbrio alcan\u00e7ado ap\u00f3s uma sess\u00e3o.<\/span><\/p>\n<p style=\"text-align: center;\"><span style=\"color: #000000;\">____________________________<\/span><\/p>\n<p style=\"text-align: center;\"><span style=\"color: #ffffff;\"><\/span><\/p>\n<p>[\/et_pb_text][\/et_pb_column][\/et_pb_row][et_pb_row _builder_version=&#8221;4.24.2&#8243; _module_preset=&#8221;default&#8221; width=&#8221;89.5%&#8221; max_width=&#8221;1280px&#8221; custom_margin=&#8221;-11px|auto||auto||&#8221; custom_padding=&#8221;10px||17px|||&#8221; global_colors_info=&#8221;{}&#8221;][et_pb_column type=&#8221;4_4&#8243; _builder_version=&#8221;4.24.2&#8243; _module_preset=&#8221;default&#8221; animation_style=&#8221;slide&#8221; animation_duration=&#8221;1700ms&#8221; global_colors_info=&#8221;{}&#8221;][et_pb_text _builder_version=&#8221;4.24.2&#8243; _module_preset=&#8221;a5c51a6b-1b06-4509-b726-b40b439716b9&#8243; text_font=&#8221;Cormorant Upright||||||||&#8221; header_2_text_color=&#8221;#FFFFFF&#8221; text_orientation=&#8221;center&#8221; custom_margin=&#8221;||1px|||&#8221; header_4_font_size_phone=&#8221;23px&#8221; global_colors_info=&#8221;{}&#8221;]<\/p>\n<h4>1. S\u00f3 por hoje, n\u00e3o me vou irritar<\/h4>\n<p>[\/et_pb_text][et_pb_text _builder_version=&#8221;4.24.2&#8243; _module_preset=&#8221;6a6d54ff-ffc4-4312-bfae-43c6036d37f5&#8243; header_5_text_color=&#8221;#FFFFFF&#8221; text_orientation=&#8221;center&#8221; custom_margin=&#8221;3px||8px|||&#8221; global_colors_info=&#8221;{}&#8221;]<\/p>\n<p style=\"text-align: center;\">A irrita\u00e7\u00e3o cria bloqueios energ\u00e9ticos, tanto em n\u00f3s quanto nos outros, perturbando o nosso equil\u00edbrio. Ao escolher a calma, permitimos que o nosso interior permane\u00e7a sereno e alinhado.<\/p>\n<p>[\/et_pb_text][et_pb_text _builder_version=&#8221;4.24.2&#8243; _module_preset=&#8221;a5c51a6b-1b06-4509-b726-b40b439716b9&#8243; text_font=&#8221;Cormorant Upright||||||||&#8221; header_2_text_color=&#8221;#FFFFFF&#8221; text_orientation=&#8221;center&#8221; custom_margin=&#8221;25px||1px|||&#8221; custom_padding=&#8221;||0px|||&#8221; header_4_font_size_phone=&#8221;23px&#8221; global_colors_info=&#8221;{}&#8221;]<\/p>\n<h4>2. S\u00f3 por hoje, n\u00e3o me vou preocupar<\/h4>\n<p>[\/et_pb_text][et_pb_text _builder_version=&#8221;4.24.2&#8243; _module_preset=&#8221;6a6d54ff-ffc4-4312-bfae-43c6036d37f5&#8243; header_5_text_color=&#8221;#FFFFFF&#8221; text_orientation=&#8221;center&#8221; custom_margin=&#8221;3px||21px|||&#8221; global_colors_info=&#8221;{}&#8221;]<\/p>\n<p style=\"text-align: center;\">Preocupar-se \u00e9 viver no futuro, longe do presente. Quando confiamos no processo da vida, estamos cientes de que a divindade cuida de n\u00f3s e nos guia para o nosso prop\u00f3sito.<\/p>\n<p>[\/et_pb_text][et_pb_text _builder_version=&#8221;4.24.2&#8243; _module_preset=&#8221;a5c51a6b-1b06-4509-b726-b40b439716b9&#8243; header_5_text_color=&#8221;#FFFFFF&#8221; text_orientation=&#8221;center&#8221; custom_margin=&#8221;3px||-7px|||&#8221; header_4_font_size_phone=&#8221;23px&#8221; global_colors_info=&#8221;{}&#8221;]<\/p>\n<h4>3. S\u00f3 por hoje, vou ser grata(o)<\/h4>\n<p>[\/et_pb_text][et_pb_text _builder_version=&#8221;4.24.2&#8243; _module_preset=&#8221;6a6d54ff-ffc4-4312-bfae-43c6036d37f5&#8243; header_5_text_color=&#8221;#FFFFFF&#8221; text_orientation=&#8221;center&#8221; custom_margin=&#8221;3px||28px|||&#8221; global_colors_info=&#8221;{}&#8221;]<\/p>\n<p style=\"text-align: center;\">A gratid\u00e3o \u00e9 uma fonte de paz. Sorrir e espalhar essa luz ao nosso redor harmoniza e equilibra o ambiente.<\/p>\n<p>[\/et_pb_text][et_pb_text _builder_version=&#8221;4.24.2&#8243; _module_preset=&#8221;a5c51a6b-1b06-4509-b726-b40b439716b9&#8243; header_5_text_color=&#8221;#FFFFFF&#8221; text_orientation=&#8221;center&#8221; custom_margin=&#8221;3px||0px|||&#8221; header_font_size_tablet=&#8221;&#8221; header_font_size_phone=&#8221;&#8221; header_font_size_last_edited=&#8221;on|phone&#8221; header_4_font_size_phone=&#8221;23px&#8221; global_colors_info=&#8221;{}&#8221;]<\/p>\n<h4>4. S\u00f3 por hoje, vou agir com integridade<\/h4>\n<p>[\/et_pb_text][et_pb_text _builder_version=&#8221;4.24.2&#8243; _module_preset=&#8221;6a6d54ff-ffc4-4312-bfae-43c6036d37f5&#8243; header_5_text_color=&#8221;#FFFFFF&#8221; text_orientation=&#8221;center&#8221; custom_margin=&#8221;3px||23px|||&#8221; global_colors_info=&#8221;{}&#8221;]<\/p>\n<p style=\"text-align: center;\">Ser fiel aos nossos princ\u00edpios e viver em harmonia com a nossa \u00e9tica interna fortalece o nosso esp\u00edrito e a nossa presen\u00e7a no mundo.<\/p>\n<p>[\/et_pb_text][et_pb_text _builder_version=&#8221;4.24.2&#8243; _module_preset=&#8221;a5c51a6b-1b06-4509-b726-b40b439716b9&#8243; header_5_text_color=&#8221;#FFFFFF&#8221; text_orientation=&#8221;center&#8221; custom_margin=&#8221;3px||0px|||&#8221; header_4_font_size_phone=&#8221;23px&#8221; global_colors_info=&#8221;{}&#8221;]<\/p>\n<h4>5. S\u00f3 por hoje, vou honrar os mais velhos e os membros da minha fam\u00edlia<\/h4>\n<p>[\/et_pb_text][et_pb_text _builder_version=&#8221;4.24.2&#8243; _module_preset=&#8221;6a6d54ff-ffc4-4312-bfae-43c6036d37f5&#8243; header_5_text_color=&#8221;#FFFFFF&#8221; text_orientation=&#8221;center&#8221; custom_margin=&#8221;3px||8px|||&#8221; global_colors_info=&#8221;{}&#8221;]<\/p>\n<p style=\"text-align: center;\">As rela\u00e7\u00f5es familiares s\u00e3o oportunidades para a evolu\u00e7\u00e3o e o perd\u00e3o. Honrar os mais velhos \u00e9 reconhecer a sabedoria acumulada pela experi\u00eancia de vida e valorizar esse conhecimento como um legado.<\/p>\n<p>[\/et_pb_text][\/et_pb_column][\/et_pb_row][\/et_pb_section][et_pb_section fb_built=&#8221;1&#8243; disabled_on=&#8221;on|on|off&#8221; admin_label=&#8221;Collection&#8221; _builder_version=&#8221;4.24.2&#8243; _module_preset=&#8221;default&#8221; background_color=&#8221;gcid-d68f61e0-9d6b-4b0a-9c63-022d1205b424&#8243; custom_padding=&#8221;6px||2px|||&#8221; animation_style=&#8221;flip&#8221; animation_duration=&#8221;1700ms&#8221; locked=&#8221;off&#8221; collapsed=&#8221;on&#8221; global_colors_info=&#8221;{%22gcid-d68f61e0-9d6b-4b0a-9c63-022d1205b424%22:%91%22background_color%22%93}&#8221;][et_pb_row _builder_version=&#8221;4.24.2&#8243; _module_preset=&#8221;default&#8221; custom_padding=&#8221;14px||23px|||&#8221; global_colors_info=&#8221;{}&#8221;][et_pb_column type=&#8221;4_4&#8243; _builder_version=&#8221;4.24.2&#8243; _module_preset=&#8221;default&#8221; global_colors_info=&#8221;{}&#8221;][et_pb_image src=&#8221;https:\/\/luismigueldantas.com\/wp-content\/uploads\/2024\/12\/reikiicon2.png&#8221; title_text=&#8221;reikiicon2&#8243; _builder_version=&#8221;4.24.2&#8243; _module_preset=&#8221;default&#8221; custom_padding=&#8221;|495px||495px||true&#8221; global_colors_info=&#8221;{}&#8221;][\/et_pb_image][\/et_pb_column][\/et_pb_row][\/et_pb_section][et_pb_section fb_built=&#8221;1&#8243; disabled_on=&#8221;off|off|on&#8221; admin_label=&#8221;Collection&#8221; _builder_version=&#8221;4.24.2&#8243; _module_preset=&#8221;default&#8221; background_color=&#8221;gcid-d68f61e0-9d6b-4b0a-9c63-022d1205b424&#8243; custom_padding=&#8221;6px||2px|||&#8221; animation_style=&#8221;flip&#8221; animation_duration=&#8221;1700ms&#8221; locked=&#8221;off&#8221; collapsed=&#8221;on&#8221; global_colors_info=&#8221;{%22gcid-d68f61e0-9d6b-4b0a-9c63-022d1205b424%22:%91%22background_color%22%93}&#8221;][et_pb_row _builder_version=&#8221;4.24.2&#8243; _module_preset=&#8221;default&#8221; custom_padding=&#8221;14px||23px|||&#8221; global_colors_info=&#8221;{}&#8221;][et_pb_column type=&#8221;4_4&#8243; _builder_version=&#8221;4.24.2&#8243; _module_preset=&#8221;default&#8221; global_colors_info=&#8221;{}&#8221;][et_pb_image src=&#8221;https:\/\/luismigueldantas.com\/wp-content\/uploads\/2024\/12\/reikiicon2.png&#8221; title_text=&#8221;reikiicon2&#8243; _builder_version=&#8221;4.24.2&#8243; _module_preset=&#8221;default&#8221; custom_padding=&#8221;|126px||126px||true&#8221; global_colors_info=&#8221;{}&#8221;][\/et_pb_image][\/et_pb_column][\/et_pb_row][\/et_pb_section][et_pb_section fb_built=&#8221;1&#8243; _builder_version=&#8221;4.24.2&#8243; _module_preset=&#8221;default&#8221; background_color=&#8221;#fffbf7&#8243; custom_padding=&#8221;8px||8px|||&#8221; locked=&#8221;off&#8221; global_colors_info=&#8221;{}&#8221;][et_pb_row _builder_version=&#8221;4.24.2&#8243; _module_preset=&#8221;default&#8221; width=&#8221;92.3%&#8221; animation_style=&#8221;fade&#8221; animation_duration=&#8221;1450ms&#8221; global_colors_info=&#8221;{}&#8221;][et_pb_column type=&#8221;4_4&#8243; _builder_version=&#8221;4.24.2&#8243; _module_preset=&#8221;default&#8221; global_colors_info=&#8221;{}&#8221;][et_pb_text _builder_version=&#8221;4.24.2&#8243; _module_preset=&#8221;6a6d54ff-ffc4-4312-bfae-43c6036d37f5&#8243; global_colors_info=&#8221;{}&#8221;]<\/p>\n<p style=\"text-align: center;\">Tudo no universo \u00e9 energia, desde os objectos mais s\u00f3lidos ao ar que respiramos. Somos compostos de part\u00edculas de luz e evolu\u00e7\u00e3o que nutrem o nosso ser. A intelig\u00eancia divina oferece-nos o dom de escolher a irradia\u00e7\u00e3o que desejamos para n\u00f3s mesmos e para o mundo. O equil\u00edbrio proporcionado pelo Reiki ajuda-nos a reprogramar os nossos prop\u00f3sitos e a encontrar caminhos mais alinhados com o nosso interior. \u00c9 a cura da alma, a luz do Cristo, acolhendo-nos com bra\u00e7os abertos para que possamos crescer em seguran\u00e7a e cientes da nossa natureza c\u00f3smica e divina.<\/p>\n<p style=\"text-align: center;\">Esta terapia \u00e9 realizada com um toque suave ou a curta dist\u00e2ncia do corpo, permitindo que a energia universal seja transmitida. O Reiki \u00e9 uma terapia complementar poderosa, fornecendo ao paciente a energia vital c\u00f3smica que, por algum motivo, se perdeu ou ficou bloqueada.<\/p>\n<p style=\"text-align: center;\"><b>Permite-te conectar com a energia universal, e transforma a tua vida com a for\u00e7a curadora do Reiki.<\/b><\/p>\n<p style=\"text-align: center;\">[\/et_pb_text][\/et_pb_column][\/et_pb_row][\/et_pb_section][et_pb_section fb_built=&#8221;1&#8243; module_id=&#8221;form&#8221; _builder_version=&#8221;4.24.2&#8243; _module_preset=&#8221;default&#8221; background_color=&#8221;gcid-555f765c-f894-450b-b9e2-169a23b01a51&#8243; background_enable_image=&#8221;off&#8221; custom_padding=&#8221;||4px|||&#8221; border_width_all=&#8221;1px&#8221; border_color_all=&#8221;gcid-d68f61e0-9d6b-4b0a-9c63-022d1205b424&#8243; box_shadow_style=&#8221;preset1&#8243; box_shadow_spread=&#8221;8px&#8221; locked=&#8221;off&#8221; global_colors_info=&#8221;{%22gcid-555f765c-f894-450b-b9e2-169a23b01a51%22:%91%22background_color%22%93,%22gcid-d68f61e0-9d6b-4b0a-9c63-022d1205b424%22:%91%22border_color_all%22%93}&#8221;][et_pb_row _builder_version=&#8221;4.24.2&#8243; _module_preset=&#8221;default&#8221; width=&#8221;90%&#8221; global_colors_info=&#8221;{}&#8221;][et_pb_column type=&#8221;4_4&#8243; _builder_version=&#8221;4.24.2&#8243; _module_preset=&#8221;default&#8221; global_colors_info=&#8221;{}&#8221;][et_pb_code _builder_version=&#8221;4.24.2&#8243; _module_preset=&#8221;default&#8221; global_colors_info=&#8221;{}&#8221;]<style id=\"wpforms-css-vars-1055\">\n\t\t\t\t#wpforms-1055 {\n\t\t\t\t--wpforms-container-padding: 0px;\n--wpforms-container-border-width: 1px;\n--wpforms-container-border-radius: 3px;\n--wpforms-background-color: rgba(0, 0, 0, 0);\n--wpforms-field-size-input-height: 43px;\n--wpforms-field-size-input-spacing: 15px;\n--wpforms-field-size-font-size: 16px;\n--wpforms-field-size-line-height: 19px;\n--wpforms-field-size-padding-h: 14px;\n--wpforms-field-size-checkbox-size: 16px;\n--wpforms-field-size-sublabel-spacing: 5px;\n--wpforms-field-size-icon-size: 1;\n--wpforms-label-size-font-size: 16px;\n--wpforms-label-size-line-height: 19px;\n--wpforms-label-size-sublabel-font-size: 14px;\n--wpforms-label-size-sublabel-line-height: 17px;\n--wpforms-button-size-font-size: 17px;\n--wpforms-button-size-height: 41px;\n--wpforms-button-size-padding-h: 15px;\n--wpforms-button-size-margin-top: 10px;\n--wpforms-container-shadow-size-box-shadow: none;\n\t\t\t}\n\t\t\t<\/style><div class=\"wpforms-container wpforms-container-full wpforms-render-modern\" id=\"wpforms-1055\"><form id=\"wpforms-form-1055\" class=\"wpforms-validate wpforms-form wpforms-ajax-form\" data-formid=\"1055\" method=\"post\" enctype=\"multipart\/form-data\" action=\"\/index.php\/wp-json\/wp\/v2\/pages\/479\" data-token=\"a6c13ea60f9b0b371253b0e6e68f68a4\" data-token-time=\"1778415752\"><noscript class=\"wpforms-error-noscript\">Please enable JavaScript in your browser to complete this form.<\/noscript><div id=\"wpforms-error-noscript\" style=\"display: none;\">Please enable JavaScript in your browser to complete this form.<\/div><div class=\"wpforms-field-container\"><div id=\"wpforms-1055-field_1-container\" class=\"wpforms-field wpforms-field-name\" data-field-id=\"1\"><fieldset><legend class=\"wpforms-field-label\">Nome completo <span class=\"wpforms-required-label\" aria-hidden=\"true\">*<\/span><\/legend><div class=\"wpforms-field-row wpforms-field-medium\"><div class=\"wpforms-field-row-block wpforms-first wpforms-one-half\"><input type=\"text\" id=\"wpforms-1055-field_1\" class=\"wpforms-field-name-first wpforms-field-required\" name=\"wpforms[fields][1][first]\" aria-errormessage=\"wpforms-1055-field_1-error\" required><label for=\"wpforms-1055-field_1\" class=\"wpforms-field-sublabel after\">First<\/label><\/div><div class=\"wpforms-field-row-block wpforms-one-half\"><input type=\"text\" id=\"wpforms-1055-field_1-last\" class=\"wpforms-field-name-last wpforms-field-required\" name=\"wpforms[fields][1][last]\" aria-errormessage=\"wpforms-1055-field_1-last-error\" required><label for=\"wpforms-1055-field_1-last\" class=\"wpforms-field-sublabel after\">Last<\/label><\/div><\/div><\/fieldset><\/div><div id=\"wpforms-1055-field_2-container\" class=\"wpforms-field wpforms-field-email\" data-field-id=\"2\"><label class=\"wpforms-field-label\" for=\"wpforms-1055-field_2\">Endere\u00e7o de e-mail <span class=\"wpforms-required-label\" aria-hidden=\"true\">*<\/span><\/label><input type=\"email\" id=\"wpforms-1055-field_2\" class=\"wpforms-field-medium wpforms-field-required\" name=\"wpforms[fields][2]\" spellcheck=\"false\" aria-errormessage=\"wpforms-1055-field_2-error\" required><\/div>\t\t<div id=\"wpforms-1055-field_4-container\"\n\t\t\tclass=\"wpforms-field wpforms-field-text\"\n\t\t\tdata-field-type=\"text\"\n\t\t\tdata-field-id=\"4\"\n\t\t\t>\n\t\t\t<label class=\"wpforms-field-label\" for=\"wpforms-1055-field_4\" >de Endere\u00e7o de<\/label>\n\t\t\t<input type=\"text\" id=\"wpforms-1055-field_4\" class=\"wpforms-field-medium\" name=\"wpforms[fields][4]\" >\n\t\t<\/div>\n\t\t<div id=\"wpforms-1055-field_5-container\" class=\"wpforms-field wpforms-field-number\" data-field-id=\"5\"><label class=\"wpforms-field-label\" for=\"wpforms-1055-field_5\">N\u00famero de telefone<\/label><input type=\"number\" id=\"wpforms-1055-field_5\" class=\"wpforms-field-medium\" name=\"wpforms[fields][5]\" step=\"any\" aria-errormessage=\"wpforms-1055-field_5-error\" ><\/div><div id=\"wpforms-1055-field_6-container\" class=\"wpforms-field wpforms-field-select wpforms-field-select-style-classic\" data-field-id=\"6\"><label class=\"wpforms-field-label\" for=\"wpforms-1055-field_6\">Eu quero marcar uma sess\u00e3o presencial de <span class=\"wpforms-required-label\" aria-hidden=\"true\">*<\/span><\/label><select id=\"wpforms-1055-field_6\" class=\"wpforms-field-medium wpforms-field-required\" name=\"wpforms[fields][6]\" required=\"required\"><option value=\"Consulta Ayurv\u00e9dica Terap\u00eautica\"  class=\"choice-3 depth-1\"  >Consulta Ayurv\u00e9dica Terap\u00eautica<\/option><option value=\"Massagem Ayurv\u00e9dica Terap\u00eautica\"  class=\"choice-5 depth-1\"  >Massagem Ayurv\u00e9dica Terap\u00eautica<\/option><option value=\"Medita\u00e7\u00e3o T\u00e2ntrica\"  class=\"choice-6 depth-1\"  >Medita\u00e7\u00e3o T\u00e2ntrica<\/option><option value=\"Tantra Yoga\"  class=\"choice-7 depth-1\"  >Tantra Yoga<\/option><option value=\"Reiki\"  class=\"choice-8 depth-1\"  >Reiki<\/option><\/select><\/div><div id=\"wpforms-1055-field_3-container\" class=\"wpforms-field wpforms-field-textarea\" data-field-id=\"3\"><label class=\"wpforms-field-label\" for=\"wpforms-1055-field_3\">Coment\u00e1rio ou mensagem<\/label><textarea id=\"wpforms-1055-field_3\" class=\"wpforms-field-medium\" name=\"wpforms[fields][3]\" aria-errormessage=\"wpforms-1055-field_3-error\" ><\/textarea><\/div><script data-jetpack-boost=\"ignore\">\n\t\t\t\t( function() {\n\t\t\t\t\tconst style = document.createElement( 'style' );\n\t\t\t\t\tstyle.appendChild( document.createTextNode( '#wpforms-1055-field_4-container { position: absolute !important; overflow: hidden !important; display: inline !important; height: 1px !important; width: 1px !important; z-index: -1000 !important; padding: 0 !important; } #wpforms-1055-field_4-container input { visibility: hidden; } #wpforms-conversational-form-page #wpforms-1055-field_4-container label { counter-increment: none; }' ) );\n\t\t\t\t\tdocument.head.appendChild( style );\n\t\t\t\t\tdocument.currentScript?.remove();\n\t\t\t\t} )();\n\t\t\t<\/script><\/div><!-- .wpforms-field-container --><div class=\"wpforms-recaptcha-container wpforms-is-recaptcha wpforms-is-recaptcha-type-v2\" ><div class=\"g-recaptcha\" data-sitekey=\"6Lfw4gMsAAAAADYYKbS8qaQKL0qXWBukAi_P3fBM\"><\/div><input type=\"text\" name=\"g-recaptcha-hidden\" class=\"wpforms-recaptcha-hidden\" style=\"position:absolute!important;clip:rect(0,0,0,0)!important;height:1px!important;width:1px!important;border:0!important;overflow:hidden!important;padding:0!important;margin:0!important;\" data-rule-recaptcha=\"1\"><\/div><div class=\"wpforms-submit-container\" ><input type=\"hidden\" name=\"wpforms[id]\" value=\"1055\"><input type=\"hidden\" name=\"page_title\" value=\"\"><input type=\"hidden\" name=\"page_url\" value=\"https:\/\/luismigueldantas.com\/index.php\/wp-json\/wp\/v2\/pages\/479\"><input type=\"hidden\" name=\"url_referer\" value=\"\"><button type=\"submit\" name=\"wpforms[submit]\" id=\"wpforms-submit-1055\" class=\"wpforms-submit\" data-alt-text=\"A enviar...\" data-submit-text=\"Enviar\" aria-live=\"assertive\" value=\"wpforms-submit\">Enviar<\/button><img loading=\"lazy\" decoding=\"async\" src=\"https:\/\/luismigueldantas.com\/wp-content\/plugins\/wpforms-lite\/assets\/images\/submit-spin.svg\" class=\"wpforms-submit-spinner\" style=\"display: none;\" width=\"26\" height=\"26\" alt=\"Loading\"><\/div><\/form><\/div>  <!-- .wpforms-container -->[\/et_pb_code][\/et_pb_column][\/et_pb_row][\/et_pb_section]<\/p>\n","protected":false},"excerpt":{"rendered":"<p>ReikiA redescoberta do Reiki reflecte a chegada de uma nova luz ao nosso planeta. Antigamente, este m\u00e9todo natural de cura era uma habilidade inata do ser humano, perdida com o desenvolvimento das civiliza\u00e7\u00f5es. O Reiki, tamb\u00e9m conhecido como Chi (China), Qi (Jap\u00e3o), Prana (\u00cdndia), Shakti (Yoga) e Ruach (Juda\u00edsmo), \u00e9 a energia vital do cosmos [&hellip;]<\/p>\n","protected":false},"author":1,"featured_media":0,"parent":0,"menu_order":0,"comment_status":"closed","ping_status":"closed","template":"","meta":{"_et_pb_use_builder":"on","_et_pb_old_content":"","_et_gb_content_width":"","advanced_seo_description":"","jetpack_seo_html_title":"","jetpack_seo_noindex":false,"footnotes":""},"class_list":["post-479","page","type-page","status-publish","hentry"],"jetpack_sharing_enabled":true,"_links":{"self":[{"href":"https:\/\/luismigueldantas.com\/index.php\/wp-json\/wp\/v2\/pages\/479","targetHints":{"allow":["GET"]}}],"collection":[{"href":"https:\/\/luismigueldantas.com\/index.php\/wp-json\/wp\/v2\/pages"}],"about":[{"href":"https:\/\/luismigueldantas.com\/index.php\/wp-json\/wp\/v2\/types\/page"}],"author":[{"embeddable":true,"href":"https:\/\/luismigueldantas.com\/index.php\/wp-json\/wp\/v2\/users\/1"}],"replies":[{"embeddable":true,"href":"https:\/\/luismigueldantas.com\/index.php\/wp-json\/wp\/v2\/comments?post=479"}],"version-history":[{"count":13,"href":"https:\/\/luismigueldantas.com\/index.php\/wp-json\/wp\/v2\/pages\/479\/revisions"}],"predecessor-version":[{"id":1087,"href":"https:\/\/luismigueldantas.com\/index.php\/wp-json\/wp\/v2\/pages\/479\/revisions\/1087"}],"wp:attachment":[{"href":"https:\/\/luismigueldantas.com\/index.php\/wp-json\/wp\/v2\/media?parent=479"}],"curies":[{"name":"wp","href":"https:\/\/api.w.org\/{rel}","templated":true}]}}