{"id":86,"date":"2024-11-12T20:59:18","date_gmt":"2024-11-12T20:59:18","guid":{"rendered":"https:\/\/luismigueldantas.com\/?page_id=86"},"modified":"2025-12-18T11:51:36","modified_gmt":"2025-12-18T11:51:36","slug":"testimonials","status":"publish","type":"page","link":"https:\/\/luismigueldantas.com\/index.php\/testimonials\/","title":{"rendered":"Testimonials"},"content":{"rendered":"<p>[et_pb_section fb_built=&#8221;1&#8243; admin_label=&#8221;Header&#8221; _builder_version=&#8221;4.27.5&#8243; _module_preset=&#8221;default&#8221; use_background_color_gradient=&#8221;on&#8221; background_color_gradient_stops=&#8221;rgba(255,251,247,0.64) 0%|rgba(255,251,247,0.64) 100%&#8221; background_color_gradient_overlays_image=&#8221;on&#8221; background_image=&#8221;https:\/\/luismigueldantas.com\/wp-content\/uploads\/2024\/11\/testimonials_miguel-Dantas.png&#8221; parallax=&#8221;on&#8221; custom_padding=&#8221;14vw||14vw||true|false&#8221; hover_enabled=&#8221;0&#8243; collapsed=&#8221;on&#8221; global_colors_info=&#8221;{%22gcid-9fa4a1b6-767d-41ca-984c-a6f10449c843%22:%91%22background_color_gradient_stops%22%93}&#8221; sticky_enabled=&#8221;0&#8243;][et_pb_row _builder_version=&#8221;4.20.0&#8243; _module_preset=&#8221;default&#8221; max_width=&#8221;800px&#8221; custom_margin=&#8221;|auto|-2px|auto||&#8221; global_colors_info=&#8221;{}&#8221;][et_pb_column type=&#8221;4_4&#8243; _builder_version=&#8221;4.20.0&#8243; _module_preset=&#8221;default&#8221; global_colors_info=&#8221;{}&#8221;][et_pb_text _builder_version=&#8221;4.24.2&#8243; _module_preset=&#8221;0e55e092-013c-41bf-8ca2-8ba722dfee17&#8243; text_font=&#8221;Cormorant Upright||||||||&#8221; text_font_size=&#8221;100px&#8221; header_text_color=&#8221;gcid-11d3dbbb-f6dc-4fb8-929b-9d6994368d00&#8243; text_orientation=&#8221;center&#8221; custom_margin=&#8221;||54px|||&#8221; text_font_size_tablet=&#8221;100px&#8221; text_font_size_phone=&#8221;45px&#8221; text_font_size_last_edited=&#8221;on|phone&#8221; global_colors_info=&#8221;{%22gcid-11d3dbbb-f6dc-4fb8-929b-9d6994368d00%22:%91%22header_text_color%22%93}&#8221;]<\/p>\n<p>Testemunhos<\/p>\n<p>[\/et_pb_text][et_pb_text _builder_version=&#8221;4.24.2&#8243; _module_preset=&#8221;849a6296-900a-4c32-9514-081bb7dbb316&#8243; header_5_text_color=&#8221;#FFFFFF&#8221; text_orientation=&#8221;center&#8221; global_colors_info=&#8221;{}&#8221;]<\/p>\n<h3><span>Um vislumbre do feedback dos meus clientes<\/span><\/h3>\n<p>[\/et_pb_text][et_pb_text _builder_version=&#8221;4.24.2&#8243; _module_preset=&#8221;849a6296-900a-4c32-9514-081bb7dbb316&#8243; header_5_text_color=&#8221;gcid-11d3dbbb-f6dc-4fb8-929b-9d6994368d00&#8243; custom_margin=&#8221;||10px||false|false&#8221; global_colors_info=&#8221;{%22gcid-11d3dbbb-f6dc-4fb8-929b-9d6994368d00%22:%91%22header_5_text_color%22%93}&#8221;]<\/p>\n<h5 style=\"text-align: center;\"><span style=\"color: #d69d33;\">\u2605\u2605\u2605\u2605\u2605<\/span><\/h5>\n<p>[\/et_pb_text][\/et_pb_column][\/et_pb_row][et_pb_row _builder_version=&#8221;4.24.2&#8243; _module_preset=&#8221;default&#8221; width=&#8221;93.4%&#8221; custom_padding=&#8221;||5px|||&#8221; global_colors_info=&#8221;{}&#8221;][et_pb_column type=&#8221;4_4&#8243; _builder_version=&#8221;4.24.2&#8243; _module_preset=&#8221;default&#8221; global_colors_info=&#8221;{}&#8221;][et_pb_testimonial author=&#8221;\u2015 Isabel L.&#8221; _builder_version=&#8221;4.27.5&#8243; _module_preset=&#8221;default&#8221; hover_enabled=&#8221;0&#8243; sticky_enabled=&#8221;0&#8243; body_font=&#8221;||||||||&#8221; body_font_size=&#8221;16px&#8221; author_font=&#8221;Cormorant Upright|700|||||||&#8221; author_font_size=&#8221;20px&#8221; position_font=&#8221;&#8211;et_global_body_font||||||||&#8221; position_font_size=&#8221;16px&#8221; company_font=&#8221;&#8211;et_global_body_font||||||||&#8221; author_text_color=&#8221;#243360&#8243;]<\/p>\n<p data-start=\"59\" data-end=\"342\" style=\"text-align: left;\">Acabei de sair de uma massagem ayurv\u00e9dica e foi uma agrad\u00e1vel surpresa, superou e muito a expectativa.<br \/>O terapeuta, <strong data-start=\"177\" data-end=\"194\">Miguel Dantas<\/strong>, era bastante reservado e at\u00e9 um pouco s\u00e9rio mas muito cuidadoso, atencioso e delicado com o cliente.<br data-start=\"296\" data-end=\"299\" \/>Senti-me muito confort\u00e1vel e bem cuidada.<br \/>No que se refere \u00e0 parte t\u00e9cnica, achei simplesmente fant\u00e1stico. Um terapeuta conhecedor e extremamente bem preparado para tratar e cuidar do cliente.<br \/>Um profissional como este \u00e9, sem d\u00favida, uma grande mais-valia&#8230;<br data-start=\"579\" data-end=\"582\" \/>Sou da zona do Porto e j\u00e1 tinha feito v\u00e1rias massagens do g\u00e9nero, mas nunca com esta qualidade.<\/p>\n<p>[\/et_pb_testimonial][et_pb_testimonial author=&#8221;\u2015 Vic B.&#8221; quote_icon_color=&#8221;gcid-f6d37c03-5d24-466a-817a-5f8f247bddac&#8221; quote_icon_background_color=&#8221;gcid-555f765c-f894-450b-b9e2-169a23b01a51&#8243; _builder_version=&#8221;4.27.5&#8243; _module_preset=&#8221;default&#8221; body_font=&#8221;Open Sans||||||||&#8221; body_font_size=&#8221;16px&#8221; author_font=&#8221;Cormorant Upright|700|||||||&#8221; author_text_color=&#8221;gcid-f6d37c03-5d24-466a-817a-5f8f247bddac&#8221; author_font_size=&#8221;20px&#8221; background_color=&#8221;gcid-c59f26e3-590f-496b-80ee-fb9b0d149517&#8243; background_enable_image=&#8221;off&#8221; parallax=&#8221;on&#8221; parallax_method=&#8221;off&#8221; hover_enabled=&#8221;0&#8243; global_colors_info=&#8221;{%22gcid-555f765c-f894-450b-b9e2-169a23b01a51%22:%91%22quote_icon_background_color%22%93,%22gcid-f6d37c03-5d24-466a-817a-5f8f247bddac%22:%91%22author_text_color%22,%22quote_icon_color%22%93,%22gcid-c59f26e3-590f-496b-80ee-fb9b0d149517%22:%91%22background_color%22%93}&#8221; sticky_enabled=&#8221;0&#8243;]<\/p>\n<p>N\u00e3o conhecia o Miguel.O Miguel n\u00e3o me conhecia.O Cosmos falou\u2026O Miguel tem o \u201cso called gift\u201d e ser\u00e1 o in\u00edcio de uma travessia estimulante e desafiante. Now, it\u2019s up to me.<\/p>\n<p>[\/et_pb_testimonial][et_pb_testimonial author=&#8221;\u2015 Carlos C.&#8221; quote_icon_color=&#8221;gcid-f6d37c03-5d24-466a-817a-5f8f247bddac&#8221; quote_icon_background_color=&#8221;gcid-555f765c-f894-450b-b9e2-169a23b01a51&#8243; _builder_version=&#8221;4.24.2&#8243; _module_preset=&#8221;default&#8221; body_font=&#8221;Open Sans||||||||&#8221; body_font_size=&#8221;16px&#8221; author_font=&#8221;Cormorant Upright|700|||||||&#8221; author_text_color=&#8221;gcid-f6d37c03-5d24-466a-817a-5f8f247bddac&#8221; author_font_size=&#8221;20px&#8221; background_color=&#8221;gcid-c59f26e3-590f-496b-80ee-fb9b0d149517&#8243; background_enable_image=&#8221;off&#8221; parallax=&#8221;on&#8221; parallax_method=&#8221;off&#8221; global_colors_info=&#8221;{%22gcid-555f765c-f894-450b-b9e2-169a23b01a51%22:%91%22quote_icon_background_color%22%93,%22gcid-f6d37c03-5d24-466a-817a-5f8f247bddac%22:%91%22author_text_color%22,%22quote_icon_color%22%93,%22gcid-c59f26e3-590f-496b-80ee-fb9b0d149517%22:%91%22background_color%22%93}&#8221;]<\/p>\n<p>O Lu\u00eds \u00e9 muito honesto e competente. D\u00e1-nos verdadeira dimens\u00e3o e valor da astrologia. Na minha perspectiva o mais importante \u00e9 o auxilio, objectivo, para o crescimento como Ser.<\/p>\n<p>[\/et_pb_testimonial][et_pb_testimonial author=&#8221;\u2015 Andresa S.&#8221; quote_icon_color=&#8221;gcid-f6d37c03-5d24-466a-817a-5f8f247bddac&#8221; quote_icon_background_color=&#8221;gcid-555f765c-f894-450b-b9e2-169a23b01a51&#8243; _builder_version=&#8221;4.24.2&#8243; _module_preset=&#8221;default&#8221; body_font=&#8221;Open Sans||||||||&#8221; body_font_size=&#8221;16px&#8221; author_font=&#8221;Cormorant Upright|700|||||||&#8221; author_text_color=&#8221;gcid-f6d37c03-5d24-466a-817a-5f8f247bddac&#8221; author_font_size=&#8221;20px&#8221; background_color=&#8221;gcid-c59f26e3-590f-496b-80ee-fb9b0d149517&#8243; background_enable_image=&#8221;off&#8221; parallax=&#8221;on&#8221; parallax_method=&#8221;off&#8221; global_colors_info=&#8221;{%22gcid-555f765c-f894-450b-b9e2-169a23b01a51%22:%91%22quote_icon_background_color%22%93,%22gcid-f6d37c03-5d24-466a-817a-5f8f247bddac%22:%91%22author_text_color%22,%22quote_icon_color%22%93,%22gcid-c59f26e3-590f-496b-80ee-fb9b0d149517%22:%91%22background_color%22%93}&#8221;]<\/p>\n<p>Foi muito interessante e enriquecedor ter \u201couvido\u201d falar de mim, sem ser eu pr\u00f3pria ou algu\u00e9m que me conhecesse muito bem. Foi importante perceber, entender e at\u00e9 compreender alguns pontos da minha vida. Julgo que com esta ajuda, caminharei numa vida mais plena e mais focada. Bem haja.<\/p>\n<p>[\/et_pb_testimonial][et_pb_testimonial author=&#8221;\u2015 Dunia L.&#8221; quote_icon_color=&#8221;gcid-f6d37c03-5d24-466a-817a-5f8f247bddac&#8221; quote_icon_background_color=&#8221;gcid-555f765c-f894-450b-b9e2-169a23b01a51&#8243; _builder_version=&#8221;4.24.2&#8243; _module_preset=&#8221;default&#8221; body_font=&#8221;Open Sans||||||||&#8221; body_font_size=&#8221;16px&#8221; author_font=&#8221;Cormorant Upright|700|||||||&#8221; author_text_color=&#8221;gcid-f6d37c03-5d24-466a-817a-5f8f247bddac&#8221; author_font_size=&#8221;20px&#8221; background_color=&#8221;gcid-c59f26e3-590f-496b-80ee-fb9b0d149517&#8243; background_enable_image=&#8221;off&#8221; parallax=&#8221;on&#8221; parallax_method=&#8221;off&#8221; global_colors_info=&#8221;{%22gcid-555f765c-f894-450b-b9e2-169a23b01a51%22:%91%22quote_icon_background_color%22%93,%22gcid-f6d37c03-5d24-466a-817a-5f8f247bddac%22:%91%22author_text_color%22,%22quote_icon_color%22%93,%22gcid-c59f26e3-590f-496b-80ee-fb9b0d149517%22:%91%22background_color%22%93}&#8221;]<\/p>\n<p>Para mim, foi mais uma luz no caminho na minha procura espiritual. Um guia para que me lembre cada dia da necessidade de me encontrar e de partilhar essa energia com os demais. Muito obrigada e que as energias c\u00f3smicas nos guiem sempre. Um beijo.<\/p>\n<p>[\/et_pb_testimonial][et_pb_testimonial author=&#8221;\u2015 Anna&#8221; quote_icon_color=&#8221;gcid-f6d37c03-5d24-466a-817a-5f8f247bddac&#8221; quote_icon_background_color=&#8221;gcid-555f765c-f894-450b-b9e2-169a23b01a51&#8243; _builder_version=&#8221;4.24.2&#8243; _module_preset=&#8221;default&#8221; body_font=&#8221;Open Sans||||||||&#8221; body_font_size=&#8221;16px&#8221; author_font=&#8221;Cormorant Upright|700|||||||&#8221; author_text_color=&#8221;gcid-f6d37c03-5d24-466a-817a-5f8f247bddac&#8221; author_font_size=&#8221;20px&#8221; background_color=&#8221;gcid-c59f26e3-590f-496b-80ee-fb9b0d149517&#8243; background_enable_image=&#8221;off&#8221; parallax=&#8221;on&#8221; parallax_method=&#8221;off&#8221; global_colors_info=&#8221;{%22gcid-555f765c-f894-450b-b9e2-169a23b01a51%22:%91%22quote_icon_background_color%22%93,%22gcid-f6d37c03-5d24-466a-817a-5f8f247bddac%22:%91%22author_text_color%22,%22quote_icon_color%22%93,%22gcid-c59f26e3-590f-496b-80ee-fb9b0d149517%22:%91%22background_color%22%93}&#8221;]<\/p>\n<p>\u201cConsciousness is a way to find the truth through the eyes of the soul\u2026\u201d This is the best way Miguel has found to show me that only love matters. Thank you Miguel, God Bless You.<\/p>\n<p>[\/et_pb_testimonial][et_pb_testimonial author=&#8221;\u2015 Vanda M.&#8221; quote_icon_color=&#8221;gcid-f6d37c03-5d24-466a-817a-5f8f247bddac&#8221; quote_icon_background_color=&#8221;gcid-555f765c-f894-450b-b9e2-169a23b01a51&#8243; _builder_version=&#8221;4.24.2&#8243; _module_preset=&#8221;default&#8221; body_font=&#8221;Open Sans||||||||&#8221; body_font_size=&#8221;16px&#8221; author_font=&#8221;Cormorant Upright|700|||||||&#8221; author_text_color=&#8221;gcid-f6d37c03-5d24-466a-817a-5f8f247bddac&#8221; author_font_size=&#8221;20px&#8221; background_color=&#8221;gcid-c59f26e3-590f-496b-80ee-fb9b0d149517&#8243; background_enable_image=&#8221;off&#8221; parallax=&#8221;on&#8221; parallax_method=&#8221;off&#8221; global_colors_info=&#8221;{%22gcid-555f765c-f894-450b-b9e2-169a23b01a51%22:%91%22quote_icon_background_color%22%93,%22gcid-f6d37c03-5d24-466a-817a-5f8f247bddac%22:%91%22author_text_color%22,%22quote_icon_color%22%93,%22gcid-c59f26e3-590f-496b-80ee-fb9b0d149517%22:%91%22background_color%22%93}&#8221;]<\/p>\n<p>Adorei a an\u00e1lise do meu Mapa Astrol\u00f3gico que o Miguel realizou. \u00c9 uma ferramenta essencial para me orientar no caminho que tenho de fazer\u2026Muito obrigada pela preciosa ajuda!!! Beijos, Vanda<\/p>\n<p>[\/et_pb_testimonial][et_pb_testimonial author=&#8221;\u2015 Juliana P.&#8221; quote_icon_color=&#8221;gcid-f6d37c03-5d24-466a-817a-5f8f247bddac&#8221; quote_icon_background_color=&#8221;gcid-555f765c-f894-450b-b9e2-169a23b01a51&#8243; _builder_version=&#8221;4.24.2&#8243; _module_preset=&#8221;default&#8221; body_font=&#8221;Open Sans||||||||&#8221; body_font_size=&#8221;16px&#8221; author_font=&#8221;Cormorant Upright|700|||||||&#8221; author_text_color=&#8221;gcid-f6d37c03-5d24-466a-817a-5f8f247bddac&#8221; author_font_size=&#8221;20px&#8221; background_color=&#8221;gcid-c59f26e3-590f-496b-80ee-fb9b0d149517&#8243; background_enable_image=&#8221;off&#8221; parallax=&#8221;on&#8221; parallax_method=&#8221;off&#8221; global_colors_info=&#8221;{%22gcid-555f765c-f894-450b-b9e2-169a23b01a51%22:%91%22quote_icon_background_color%22%93,%22gcid-f6d37c03-5d24-466a-817a-5f8f247bddac%22:%91%22author_text_color%22,%22quote_icon_color%22%93,%22gcid-c59f26e3-590f-496b-80ee-fb9b0d149517%22:%91%22background_color%22%93}&#8221;]<\/p>\n<p>A consulta foi inspiradora, de uma abertura de consci\u00eancia enorme\u2026 ainda me encontro em per\u00edodo de reflex\u00e3o, sinto que tenho muita informa\u00e7\u00e3o a absorver e que ainda tenho muito para me descobrir. Gostei muito das suas palavras e da forma como transmite a mensagem. Imensamente grata<\/p>\n<p>[\/et_pb_testimonial][et_pb_testimonial author=&#8221;\u2015 Maria J. V.&#8221; quote_icon_color=&#8221;gcid-f6d37c03-5d24-466a-817a-5f8f247bddac&#8221; quote_icon_background_color=&#8221;gcid-555f765c-f894-450b-b9e2-169a23b01a51&#8243; _builder_version=&#8221;4.24.2&#8243; _module_preset=&#8221;default&#8221; body_font=&#8221;Open Sans||||||||&#8221; body_font_size=&#8221;16px&#8221; author_font=&#8221;Cormorant Upright|700|||||||&#8221; author_text_color=&#8221;gcid-f6d37c03-5d24-466a-817a-5f8f247bddac&#8221; author_font_size=&#8221;20px&#8221; background_color=&#8221;gcid-c59f26e3-590f-496b-80ee-fb9b0d149517&#8243; background_enable_image=&#8221;off&#8221; parallax=&#8221;on&#8221; parallax_method=&#8221;off&#8221; global_colors_info=&#8221;{%22gcid-555f765c-f894-450b-b9e2-169a23b01a51%22:%91%22quote_icon_background_color%22%93,%22gcid-f6d37c03-5d24-466a-817a-5f8f247bddac%22:%91%22author_text_color%22,%22quote_icon_color%22%93,%22gcid-c59f26e3-590f-496b-80ee-fb9b0d149517%22:%91%22background_color%22%93}&#8221;]<\/p>\n<p>\u00d3ptima experi\u00eancia a consulta que tive\u2026 foi um aprofundar de conhecimento e de ensinamentos, para me conhecer melhor e com isso continuar a trilhar este caminho que tenho ainda a percorrer. Foi muito bom.<\/p>\n<p>[\/et_pb_testimonial][et_pb_testimonial author=&#8221;\u2015 Carlos O.&#8221; quote_icon_color=&#8221;gcid-f6d37c03-5d24-466a-817a-5f8f247bddac&#8221; quote_icon_background_color=&#8221;gcid-555f765c-f894-450b-b9e2-169a23b01a51&#8243; _builder_version=&#8221;4.24.2&#8243; _module_preset=&#8221;default&#8221; body_font=&#8221;Open Sans||||||||&#8221; body_font_size=&#8221;16px&#8221; author_font=&#8221;Cormorant Upright|700|||||||&#8221; author_text_color=&#8221;gcid-f6d37c03-5d24-466a-817a-5f8f247bddac&#8221; author_font_size=&#8221;20px&#8221; background_color=&#8221;gcid-c59f26e3-590f-496b-80ee-fb9b0d149517&#8243; background_enable_image=&#8221;off&#8221; parallax=&#8221;on&#8221; parallax_method=&#8221;off&#8221; global_colors_info=&#8221;{%22gcid-555f765c-f894-450b-b9e2-169a23b01a51%22:%91%22quote_icon_background_color%22%93,%22gcid-f6d37c03-5d24-466a-817a-5f8f247bddac%22:%91%22author_text_color%22,%22quote_icon_color%22%93,%22gcid-c59f26e3-590f-496b-80ee-fb9b0d149517%22:%91%22background_color%22%93}&#8221;]<\/p>\n<p>Estar com o Miguel \u00e9 sempre um prazer. \u00c9 garantia de um cuidar muito especial e \u00fanico. Sempre atento aos pormenores, cada sess\u00e3o \u00e9 verdadeiramente gratificante, cuidada e dedicada. \u00c9 garantia de uma sensa\u00e7\u00e3o de bem estar e equil\u00edbrio que nos ajuda a lidar com o dia-a-dia.<\/p>\n<p>[\/et_pb_testimonial][et_pb_testimonial author=&#8221;\u2015 Sandra C.&#8221; quote_icon_color=&#8221;gcid-f6d37c03-5d24-466a-817a-5f8f247bddac&#8221; quote_icon_background_color=&#8221;gcid-555f765c-f894-450b-b9e2-169a23b01a51&#8243; _builder_version=&#8221;4.24.2&#8243; _module_preset=&#8221;default&#8221; body_font=&#8221;Open Sans||||||||&#8221; body_font_size=&#8221;16px&#8221; author_font=&#8221;Cormorant Upright|700|||||||&#8221; author_text_color=&#8221;gcid-f6d37c03-5d24-466a-817a-5f8f247bddac&#8221; author_font_size=&#8221;20px&#8221; background_color=&#8221;gcid-c59f26e3-590f-496b-80ee-fb9b0d149517&#8243; background_enable_image=&#8221;off&#8221; parallax=&#8221;on&#8221; parallax_method=&#8221;off&#8221; global_colors_info=&#8221;{%22gcid-555f765c-f894-450b-b9e2-169a23b01a51%22:%91%22quote_icon_background_color%22%93,%22gcid-f6d37c03-5d24-466a-817a-5f8f247bddac%22:%91%22author_text_color%22,%22quote_icon_color%22%93,%22gcid-c59f26e3-590f-496b-80ee-fb9b0d149517%22:%91%22background_color%22%93}&#8221;]<\/p>\n<p>Estava perdida sem saber o que fazer com a minha vida! A consulta com o Miguel foi fant\u00e1stica, deu-me a luz que eu precisava para viver e ver a vida de outra forma.Adorei, estou muito feliz !Beijinhos<\/p>\n<p>[\/et_pb_testimonial][\/et_pb_column][\/et_pb_row][\/et_pb_section][et_pb_section fb_built=&#8221;1&#8243; admin_label=&#8221;Services&#8221; _builder_version=&#8221;4.24.2&#8243; _module_preset=&#8221;default&#8221; background_color=&#8221;gcid-555f765c-f894-450b-b9e2-169a23b01a51&#8243; custom_padding=&#8221;21px||21px|||&#8221; collapsed=&#8221;on&#8221; global_colors_info=&#8221;{%22gcid-2f3f3e09-0a26-4ea7-8906-5e1128945e3f%22:%91%22background_color_gradient_stops%22%93,%22gcid-9fa4a1b6-767d-41ca-984c-a6f10449c843%22:%91%22background_color_gradient_stops%22%93,%22gcid-555f765c-f894-450b-b9e2-169a23b01a51%22:%91%22background_color%22%93}&#8221;][et_pb_row _builder_version=&#8221;4.20.0&#8243; _module_preset=&#8221;default&#8221; width=&#8221;90%&#8221; custom_margin=&#8221;1px|auto||auto||&#8221; custom_padding=&#8221;8px|||||&#8221; global_colors_info=&#8221;{}&#8221;][et_pb_column type=&#8221;4_4&#8243; _builder_version=&#8221;4.20.0&#8243; _module_preset=&#8221;default&#8221; global_colors_info=&#8221;{}&#8221;][et_pb_button button_url=&#8221;@ET-DC@eyJkeW5hbWljIjp0cnVlLCJjb250ZW50IjoicG9zdF9saW5rX3VybF9wYWdlIiwic2V0dGluZ3MiOnsicG9zdF9pZCI6IjYxIn19@&#8221; button_text=&#8221;Entra em contacto agora e encontra a sess\u00e3o certa para ti!&#8221; button_alignment=&#8221;center&#8221; _builder_version=&#8221;4.24.2&#8243; _dynamic_attributes=&#8221;button_url&#8221; _module_preset=&#8221;b105b836-5a0b-4149-8313-bf705f4e3277&#8243; button_text_color=&#8221;gcid-555f765c-f894-450b-b9e2-169a23b01a51&#8243; button_bg_color=&#8221;gcid-f6d37c03-5d24-466a-817a-5f8f247bddac&#8221; custom_margin=&#8221;41px|||||&#8221; button_text_size_tablet=&#8221;18px&#8221; button_text_size_phone=&#8221;11px&#8221; button_text_size_last_edited=&#8221;on|phone&#8221; box_shadow_style=&#8221;preset1&#8243; box_shadow_color=&#8221;gcid-11d3dbbb-f6dc-4fb8-929b-9d6994368d00&#8243; global_colors_info=&#8221;{%22gcid-11d3dbbb-f6dc-4fb8-929b-9d6994368d00%22:%91%22button_text_color%22,%22box_shadow_color%22,%22button_text_color%22,%22box_shadow_color%22,%22button_text_color%22,%22box_shadow_color%22,%22button_text_color%22,%22box_shadow_color%22%93,%22gcid-f6d37c03-5d24-466a-817a-5f8f247bddac%22:%91%22button_bg_color%22,%22button_bg_color%22,%22button_bg_color%22,%22button_bg_color%22%93,%22gcid-555f765c-f894-450b-b9e2-169a23b01a51%22:%91%22button_text_color%22,%22button_text_color%22,%22button_text_color%22,%22button_text_color%22%93}&#8221;][\/et_pb_button][\/et_pb_column][\/et_pb_row][\/et_pb_section]<\/p>\n","protected":false},"excerpt":{"rendered":"<p>TestemunhosUm vislumbre do feedback dos meus clientes\u2605\u2605\u2605\u2605\u2605Acabei de sair de uma massagem ayurv\u00e9dica e foi uma agrad\u00e1vel surpresa, superou e muito a expectativa.O terapeuta, Miguel Dantas, era bastante reservado e at\u00e9 um pouco s\u00e9rio mas muito cuidadoso, atencioso e delicado com o cliente.Senti-me muito confort\u00e1vel e bem cuidada.No que se refere \u00e0 parte t\u00e9cnica, achei [&hellip;]<\/p>\n","protected":false},"author":1,"featured_media":0,"parent":0,"menu_order":0,"comment_status":"closed","ping_status":"closed","template":"","meta":{"_et_pb_use_builder":"on","_et_pb_old_content":"<!-- wp:divi\/placeholder \/-->","_et_gb_content_width":"","advanced_seo_description":"","jetpack_seo_html_title":"","jetpack_seo_noindex":false,"footnotes":""},"class_list":["post-86","page","type-page","status-publish","hentry"],"jetpack_sharing_enabled":true,"_links":{"self":[{"href":"https:\/\/luismigueldantas.com\/index.php\/wp-json\/wp\/v2\/pages\/86","targetHints":{"allow":["GET"]}}],"collection":[{"href":"https:\/\/luismigueldantas.com\/index.php\/wp-json\/wp\/v2\/pages"}],"about":[{"href":"https:\/\/luismigueldantas.com\/index.php\/wp-json\/wp\/v2\/types\/page"}],"author":[{"embeddable":true,"href":"https:\/\/luismigueldantas.com\/index.php\/wp-json\/wp\/v2\/users\/1"}],"replies":[{"embeddable":true,"href":"https:\/\/luismigueldantas.com\/index.php\/wp-json\/wp\/v2\/comments?post=86"}],"version-history":[{"count":15,"href":"https:\/\/luismigueldantas.com\/index.php\/wp-json\/wp\/v2\/pages\/86\/revisions"}],"predecessor-version":[{"id":1184,"href":"https:\/\/luismigueldantas.com\/index.php\/wp-json\/wp\/v2\/pages\/86\/revisions\/1184"}],"wp:attachment":[{"href":"https:\/\/luismigueldantas.com\/index.php\/wp-json\/wp\/v2\/media?parent=86"}],"curies":[{"name":"wp","href":"https:\/\/api.w.org\/{rel}","templated":true}]}}